{"id":6068,"date":"2024-06-24T18:40:51","date_gmt":"2024-06-24T22:40:51","guid":{"rendered":"https:\/\/ico-clinique.ca\/arthrite-arthrose-machoire-2\/"},"modified":"2024-08-27T09:45:18","modified_gmt":"2024-08-27T13:45:18","slug":"arthrite-arthrose-machoire-2","status":"publish","type":"page","link":"https:\/\/ico-clinique.ca\/en\/arthrite-arthrose-machoire-2\/","title":{"rendered":"Osteoarthritis of the jaw"},"content":{"rendered":"<p><div class=\"fusion-fullwidth fullwidth-box fusion-builder-row-1 fusion-flex-container has-pattern-background has-mask-background nonhundred-percent-fullwidth non-hundred-percent-height-scrolling\" style=\"--awb-border-radius-top-left:0px;--awb-border-radius-top-right:0px;--awb-border-radius-bottom-right:0px;--awb-border-radius-bottom-left:0px;--awb-margin-top:40px;--awb-flex-wrap:wrap;\" ><div class=\"fusion-builder-row fusion-row fusion-flex-align-items-flex-start fusion-flex-content-wrap\" style=\"max-width:1248px;margin-left: calc(-4% \/ 2 );margin-right: calc(-4% \/ 2 );\"><div class=\"fusion-layout-column fusion_builder_column fusion-builder-column-0 fusion_builder_column_1_1 1_1 fusion-flex-column\" style=\"--awb-bg-size:cover;--awb-width-large:100%;--awb-margin-top-large:0px;--awb-spacing-right-large:1.92%;--awb-margin-bottom-large:20px;--awb-spacing-left-large:1.92%;--awb-width-medium:100%;--awb-order-medium:0;--awb-spacing-right-medium:1.92%;--awb-spacing-left-medium:1.92%;--awb-width-small:100%;--awb-order-small:0;--awb-spacing-right-small:1.92%;--awb-spacing-left-small:1.92%;\"><div class=\"fusion-column-wrapper fusion-column-has-shadow fusion-flex-justify-content-flex-start fusion-content-layout-column\"><div class=\"fusion-title title fusion-title-1 fusion-sep-none fusion-title-center fusion-title-text fusion-title-size-two\" style=\"--awb-text-color:#00549a;--awb-font-size:2.0em;\"><h2 class=\"fusion-title-heading title-heading-center\" style=\"margin:0;font-size:1em;\">Sympt\u00f4mes<\/h2><\/div><\/div><\/div><\/div><\/div><div class=\"fusion-fullwidth fullwidth-box fusion-builder-row-2 fusion-flex-container has-pattern-background has-mask-background hundred-percent-fullwidth non-hundred-percent-height-scrolling\" style=\"--awb-border-radius-top-left:0px;--awb-border-radius-top-right:0px;--awb-border-radius-bottom-right:0px;--awb-border-radius-bottom-left:0px;--awb-padding-right:0px;--awb-padding-left:0px;--awb-margin-top:80px;--awb-margin-top-small:0px;--awb-flex-wrap:wrap;\" ><div class=\"fusion-builder-row fusion-row fusion-flex-align-items-center fusion-flex-justify-content-center fusion-flex-content-wrap\" style=\"width:104% !important;max-width:104% !important;margin-left: calc(-4% \/ 2 );margin-right: calc(-4% \/ 2 );\"><div class=\"fusion-layout-column fusion_builder_column fusion-builder-column-1 fusion_builder_column_1_3 1_3 fusion-flex-column\" style=\"--awb-bg-size:cover;--awb-width-large:33.333333333333%;--awb-margin-top-large:0px;--awb-spacing-right-large:5.76%;--awb-margin-bottom-large:20px;--awb-spacing-left-large:5.76%;--awb-width-medium:50%;--awb-order-medium:0;--awb-spacing-right-medium:3.84%;--awb-spacing-left-medium:3.84%;--awb-width-small:100%;--awb-order-small:0;--awb-spacing-right-small:1.92%;--awb-spacing-left-small:1.92%;\"><div class=\"fusion-column-wrapper fusion-column-has-shadow fusion-flex-justify-content-flex-start fusion-content-layout-column\"><div class=\"fusion-image-element \" style=\"--awb-caption-title-font-family:var(--h2_typography-font-family);--awb-caption-title-font-weight:var(--h2_typography-font-weight);--awb-caption-title-font-style:var(--h2_typography-font-style);--awb-caption-title-size:var(--h2_typography-font-size);--awb-caption-title-transform:var(--h2_typography-text-transform);--awb-caption-title-line-height:var(--h2_typography-line-height);--awb-caption-title-letter-spacing:var(--h2_typography-letter-spacing);\"><span class=\" fusion-imageframe imageframe-none imageframe-1 hover-type-none\"><img decoding=\"async\" width=\"767\" height=\"612\" alt=\"Arthrite\/Arthrose de la m\u00e2choire\" title=\"Arthrite\/Arthrose de la m\u00e2choire\" src=\"https:\/\/ico-clinique.ca\/wp-content\/uploads\/2024\/07\/arthrite-arthrose-machoire.jpg\" data-orig-src=\"https:\/\/ico-clinique.ca\/wp-content\/uploads\/2024\/07\/arthrite-arthrose-machoire.jpg\" class=\"lazyload img-responsive wp-image-5491\" srcset=\"data:image\/svg+xml,%3Csvg%20xmlns%3D%27http%3A%2F%2Fwww.w3.org%2F2000%2Fsvg%27%20width%3D%27767%27%20height%3D%27612%27%20viewBox%3D%270%200%20767%20612%27%3E%3Crect%20width%3D%27767%27%20height%3D%27612%27%20fill-opacity%3D%220%22%2F%3E%3C%2Fsvg%3E\" data-srcset=\"https:\/\/ico-clinique.ca\/wp-content\/uploads\/2024\/07\/arthrite-arthrose-machoire-200x160.jpg 200w, https:\/\/ico-clinique.ca\/wp-content\/uploads\/2024\/07\/arthrite-arthrose-machoire-400x319.jpg 400w, https:\/\/ico-clinique.ca\/wp-content\/uploads\/2024\/07\/arthrite-arthrose-machoire-600x479.jpg 600w, https:\/\/ico-clinique.ca\/wp-content\/uploads\/2024\/07\/arthrite-arthrose-machoire.jpg 767w\" data-sizes=\"auto\" data-orig-sizes=\"(max-width: 700px) 100vw, 400px\" \/><\/span><\/div><\/div><\/div><div class=\"fusion-layout-column fusion_builder_column fusion-builder-column-2 fusion_builder_column_1_3 1_3 fusion-flex-column\" style=\"--awb-padding-right:10px;--awb-padding-left:10px;--awb-bg-size:cover;--awb-width-large:33.333333333333%;--awb-margin-top-large:0px;--awb-spacing-right-large:5.76%;--awb-margin-bottom-large:20px;--awb-spacing-left-large:5.76%;--awb-width-medium:50%;--awb-order-medium:0;--awb-spacing-right-medium:3.84%;--awb-spacing-left-medium:3.84%;--awb-width-small:100%;--awb-order-small:0;--awb-spacing-right-small:1.92%;--awb-spacing-left-small:1.92%;\" data-scroll-devices=\"small-visibility,medium-visibility,large-visibility\"><div class=\"fusion-column-wrapper fusion-column-has-shadow fusion-flex-justify-content-flex-start fusion-content-layout-column\"><div class=\"fusion-title title fusion-title-2 fusion-sep-none fusion-title-text fusion-title-size-one\" style=\"--awb-text-color:var(--awb-color7);--awb-font-size:2em;\"><h1 class=\"fusion-title-heading title-heading-left\" style=\"margin:0;font-size:1em;\">Osteoarthritis of the jaw<\/h1><\/div><div class=\"fusion-text fusion-text-1\"><p>Often, people will talk about arthritis or osteoarthritis of the jaw. By definition, arthritis originates from a systemic problem which means that it\u2019s a disease that originates from the body. Arthritis of the jaw is quite rare. On the other hand osteoarthritis is very frequent. However, the term osteoarthritis is vague when we talk about the jaw. The diagnosis must be more precise to know how things will evolve and know what care to provide.<\/p>\n<p>We can treat with medication, rest, bite splint, dental equilibration, surgery, all according to the case and its severity.<\/p>\n<\/div><\/div><\/div><\/div><\/div><div class=\"fusion-fullwidth fullwidth-box fusion-builder-row-3 fusion-flex-container has-pattern-background has-mask-background hundred-percent-fullwidth non-hundred-percent-height-scrolling\" style=\"--awb-border-radius-top-left:0px;--awb-border-radius-top-right:0px;--awb-border-radius-bottom-right:0px;--awb-border-radius-bottom-left:0px;--awb-padding-top:60px;--awb-padding-right:10px;--awb-padding-bottom:40px;--awb-padding-left:10px;--awb-margin-top:90px;--awb-margin-top-small:10px;--awb-background-image:linear-gradient(180deg, var(--awb-color3) 0%,var(--awb-color3) 100%);--awb-flex-wrap:wrap;\" ><div class=\"fusion-builder-row fusion-row fusion-flex-align-items-flex-start fusion-flex-justify-content-space-evenly fusion-flex-content-wrap\" style=\"width:104% !important;max-width:104% !important;margin-left: calc(-4% \/ 2 );margin-right: calc(-4% \/ 2 );\"><div class=\"fusion-layout-column fusion_builder_column fusion-builder-column-3 fusion_builder_column_3_5 3_5 fusion-flex-column fusion-flex-align-self-center\" style=\"--awb-bg-size:cover;--awb-width-large:60%;--awb-margin-top-large:0px;--awb-spacing-right-large:0px;--awb-margin-bottom-large:20px;--awb-spacing-left-large:0px;--awb-width-medium:75%;--awb-order-medium:0;--awb-spacing-right-medium:0px;--awb-spacing-left-medium:0px;--awb-width-small:100%;--awb-order-small:0;--awb-spacing-right-small:1.92%;--awb-spacing-left-small:1.92%;\" data-scroll-devices=\"small-visibility,medium-visibility,large-visibility\"><div class=\"fusion-column-wrapper fusion-column-has-shadow fusion-flex-justify-content-center fusion-content-layout-column\"><div class=\"fusion-title title fusion-title-3 fusion-sep-none fusion-title-text fusion-title-size-two\" style=\"--awb-text-color:var(--awb-color4);--awb-margin-bottom:30px;\"><h2 class=\"fusion-title-heading title-heading-left\" style=\"margin:0;\">Jaw, TMJ, occlusion and dental rehabilitation clinic.<\/h2><\/div><div class=\"fusion-text fusion-text-2 fusion-text-no-margin\" style=\"--awb-text-color:var(--awb-color8);--awb-margin-bottom:50px;\"><p>At our clinic, we offer the latest and appropriate care for all jaw-related problems.<\/p>\n<p>If necessary, we work jointly with physiotherapists, chiropractors, osteopaths, neurologists, oral and maxilla facial surgeons, etc.<\/p>\n<p>Our team uses the latest technologies and proven methods to diagnose and treat TMJ disorders, jaw pain, occlusion problems, as well as to rehabilitate your mouth with crowns and\/or veneers.<\/p>\n<p>Contact us to schedule a consultation and start your journey to a healthier jaw.<\/p>\n<\/div><\/div><\/div><\/div><\/div>\n<div class=\"fusion-fullwidth fullwidth-box fusion-builder-row-4 fusion-flex-container has-pattern-background has-mask-background hundred-percent-fullwidth non-hundred-percent-height-scrolling\" style=\"--link_color: #a8cdff;--awb-border-radius-top-left:0px;--awb-border-radius-top-right:0px;--awb-border-radius-bottom-right:0px;--awb-border-radius-bottom-left:0px;--awb-padding-top:0px;--awb-padding-right:10px;--awb-padding-bottom:0px;--awb-padding-left:10px;--awb-margin-top:0px;--awb-margin-bottom:0px;--awb-flex-wrap:wrap;\" ><div class=\"fusion-builder-row fusion-row fusion-flex-align-items-center fusion-flex-justify-content-flex-end fusion-flex-content-wrap\" style=\"width:104% !important;max-width:104% !important;margin-left: calc(-4% \/ 2 );margin-right: calc(-4% \/ 2 );\"><div class=\"fusion-layout-column fusion_builder_column fusion-builder-column-4 fusion_builder_column_1_4 1_4 fusion-flex-column\" style=\"--awb-bg-size:cover;--awb-width-large:25%;--awb-margin-top-large:0px;--awb-spacing-right-large:7.68%;--awb-margin-bottom-large:0px;--awb-spacing-left-large:7.68%;--awb-width-medium:25%;--awb-order-medium:0;--awb-spacing-right-medium:7.68%;--awb-spacing-left-medium:7.68%;--awb-width-small:100%;--awb-order-small:0;--awb-spacing-right-small:1.92%;--awb-spacing-left-small:1.92%;\" data-scroll-devices=\"small-visibility,medium-visibility,large-visibility\"><div class=\"fusion-column-wrapper fusion-column-has-shadow fusion-flex-justify-content-flex-start fusion-content-layout-column\"><div class=\"fusion-image-element \" style=\"--awb-margin-bottom:0px;--awb-caption-title-font-family:var(--h2_typography-font-family);--awb-caption-title-font-weight:var(--h2_typography-font-weight);--awb-caption-title-font-style:var(--h2_typography-font-style);--awb-caption-title-size:var(--h2_typography-font-size);--awb-caption-title-transform:var(--h2_typography-text-transform);--awb-caption-title-line-height:var(--h2_typography-line-height);--awb-caption-title-letter-spacing:var(--h2_typography-letter-spacing);\"><span class=\" fusion-imageframe imageframe-none imageframe-2 hover-type-none\"><img decoding=\"async\" width=\"420\" height=\"501\" alt=\"You have jaw pain when chewing or headaches\" title=\"Probl\u00e8me de m\u00e2choire\" src=\"https:\/\/ico-clinique.ca\/wp-content\/uploads\/2024\/07\/probleme-mahoire-1.png\" data-orig-src=\"https:\/\/ico-clinique.ca\/wp-content\/uploads\/2024\/07\/probleme-mahoire-1.png\" class=\"lazyload img-responsive wp-image-8508\" srcset=\"data:image\/svg+xml,%3Csvg%20xmlns%3D%27http%3A%2F%2Fwww.w3.org%2F2000%2Fsvg%27%20width%3D%27420%27%20height%3D%27501%27%20viewBox%3D%270%200%20420%20501%27%3E%3Crect%20width%3D%27420%27%20height%3D%27501%27%20fill-opacity%3D%220%22%2F%3E%3C%2Fsvg%3E\" data-srcset=\"https:\/\/ico-clinique.ca\/wp-content\/uploads\/2024\/07\/probleme-mahoire-1-200x239.png 200w, https:\/\/ico-clinique.ca\/wp-content\/uploads\/2024\/07\/probleme-mahoire-1-400x477.png 400w, https:\/\/ico-clinique.ca\/wp-content\/uploads\/2024\/07\/probleme-mahoire-1.png 420w\" data-sizes=\"auto\" data-orig-sizes=\"(max-width: 700px) 100vw, 400px\" \/><\/span><\/div><\/div><\/div><div class=\"fusion-layout-column fusion_builder_column fusion-builder-column-5 fusion_builder_column_1_3 1_3 fusion-flex-column\" style=\"--awb-bg-size:cover;--awb-width-large:33.333333333333%;--awb-margin-top-large:0px;--awb-spacing-right-large:5.76%;--awb-margin-bottom-large:20px;--awb-spacing-left-large:5.76%;--awb-width-medium:33.333333333333%;--awb-order-medium:0;--awb-spacing-right-medium:5.76%;--awb-spacing-left-medium:5.76%;--awb-width-small:100%;--awb-order-small:0;--awb-spacing-right-small:1.92%;--awb-spacing-left-small:1.92%;\"><div class=\"fusion-column-wrapper fusion-column-has-shadow fusion-flex-justify-content-flex-start fusion-content-layout-column\"><div class=\"fusion-text fusion-text-3\" style=\"--awb-font-size:1.3em;\"><p>You have jaw pain when chewing, headaches, ear pain and difficulty opening your mouth. An accurate diagnosis by a healthcare professional is essential for proper treatment.<\/p>\n<\/div><\/div><\/div><div class=\"fusion-layout-column fusion_builder_column fusion-builder-column-6 fusion_builder_column_2_5 2_5 fusion-flex-column fusion-flex-align-self-center\" style=\"--awb-padding-top:8%;--awb-padding-right:15px;--awb-padding-bottom:8%;--awb-padding-left:15px;--awb-bg-color:#00549a;--awb-bg-color-hover:#00549a;--awb-bg-size:cover;--awb-width-large:40%;--awb-margin-top-large:10px;--awb-spacing-right-large:100px;--awb-margin-bottom-large:10px;--awb-spacing-left-large:100px;--awb-width-medium:40%;--awb-order-medium:0;--awb-spacing-right-medium:100px;--awb-spacing-left-medium:100px;--awb-width-small:100%;--awb-order-small:0;--awb-spacing-right-small:1.92%;--awb-spacing-left-small:1.92%;\" data-scroll-devices=\"small-visibility,medium-visibility,large-visibility\"><div class=\"fusion-column-wrapper fusion-column-has-shadow fusion-flex-justify-content-center fusion-content-layout-column\"><div class=\"fusion-builder-row fusion-builder-row-inner fusion-row fusion-flex-align-items-center fusion-flex-justify-content-flex-end fusion-flex-content-wrap\" style=\"width:104% !important;max-width:104% !important;margin-left: calc(-4% \/ 2 );margin-right: calc(-4% \/ 2 );\"><div class=\"fusion-layout-column fusion_builder_column_inner fusion-builder-nested-column-0 fusion_builder_column_inner_1_1 1_1 fusion-flex-column\" style=\"--awb-bg-size:cover;--awb-width-large:100%;--awb-margin-top-large:0px;--awb-spacing-right-large:1.92%;--awb-margin-bottom-large:20px;--awb-spacing-left-large:1.92%;--awb-width-medium:100%;--awb-order-medium:0;--awb-spacing-right-medium:1.92%;--awb-spacing-left-medium:1.92%;--awb-width-small:100%;--awb-order-small:0;--awb-spacing-right-small:1.92%;--awb-spacing-left-small:1.92%;\" data-scroll-devices=\"small-visibility,medium-visibility,large-visibility\"><div class=\"fusion-column-wrapper fusion-column-has-shadow fusion-flex-justify-content-flex-start fusion-content-layout-column\"><div class=\"fusion-text fusion-text-4 fusion-text-no-margin\" style=\"--awb-font-size:1.7em;--awb-text-color:var(--awb-color2);--awb-margin-bottom:40px;\"><p style=\"text-align: center;\">Make an appointment by filling in our online form or call us on<\/p>\n<\/div><div class=\"fusion-text fusion-text-5\" style=\"--awb-font-size:1.3em;\"><p><a class=\"fusion-title likBeublanc2\" style=\"padding-bottom: 0px; font-size: 1em; text-align: center; color: #color: #00549a;\" href=\"tel:+14504334111\"> <i class=\"fa fa-phone-square fa-2x style=\"><\/i> 450 433-4111 ext. 1<\/a><\/p>\n<\/div><div class=\"fusion-text fusion-text-6\" style=\"--awb-font-size:1.3em;\"><p><a class=\"fusion-title likBeublanc2\" style=\"padding-bottom: 0px; font-size: 1em; text-align: center; color: #color: #00549a;\" href=\"https:\/\/ico-clinique.ca\/en\/appointment-at-the-jaw-disorders-clinic\/\"> <i class=\"fa fa-calendar-check fa-2x style=\"><\/i>Request an appointment online<\/a><\/p>\n<\/div><\/div><\/div><\/div><\/div><\/div><\/div><\/div>\n<\/p>\n","protected":false},"excerpt":{"rendered":"","protected":false},"author":1,"featured_media":0,"parent":0,"menu_order":0,"comment_status":"closed","ping_status":"open","template":"100-width.php","meta":{"footnotes":""},"class_list":["post-6068","page","type-page","status-publish","hentry"],"yoast_head":"<!-- This site is optimized with the Yoast SEO plugin v27.3 - https:\/\/yoast.com\/product\/yoast-seo-wordpress\/ -->\n<title>Arthrite ou Arthrose de la m\u00e2choire - Clinique dentaire ICO<\/title>\n<meta name=\"description\" content=\"Les arthrites de la m\u00e2choire sont assez rares. Par contre les arthroses de la m\u00e2choire sont tr\u00e8s fr\u00e9quentes. On peut soigner avec ...\" \/>\n<meta name=\"robots\" content=\"index, follow, max-snippet:-1, max-image-preview:large, max-video-preview:-1\" \/>\n<link rel=\"canonical\" href=\"https:\/\/ico-clinique.ca\/en\/arthrite-arthrose-machoire-2\/\" \/>\n<meta property=\"og:locale\" content=\"en_US\" \/>\n<meta property=\"og:type\" content=\"article\" \/>\n<meta property=\"og:title\" content=\"Arthrite ou Arthrose de la m\u00e2choire - Clinique dentaire ICO\" \/>\n<meta property=\"og:description\" content=\"Les arthrites de la m\u00e2choire sont assez rares. Par contre les arthroses de la m\u00e2choire sont tr\u00e8s fr\u00e9quentes. On peut soigner avec ...\" \/>\n<meta property=\"og:url\" content=\"https:\/\/ico-clinique.ca\/en\/arthrite-arthrose-machoire-2\/\" \/>\n<meta property=\"og:site_name\" content=\"Clinique des troubles de la m\u00e2choire\" \/>\n<meta property=\"article:modified_time\" content=\"2024-08-27T13:45:18+00:00\" \/>\n<meta property=\"og:image\" content=\"https:\/\/ico-clinique.ca\/wp-content\/uploads\/2024\/06\/dr-alain-aube-expert-troubles-machoire.jpg\" \/>\n\t<meta property=\"og:image:width\" content=\"600\" \/>\n\t<meta property=\"og:image:height\" content=\"575\" \/>\n\t<meta property=\"og:image:type\" content=\"image\/jpeg\" \/>\n<meta name=\"twitter:card\" content=\"summary_large_image\" \/>\n<meta name=\"twitter:label1\" content=\"Est. reading time\" \/>\n\t<meta name=\"twitter:data1\" content=\"3 minutes\" \/>\n<script type=\"application\/ld+json\" class=\"yoast-schema-graph\">{\"@context\":\"https:\\\/\\\/schema.org\",\"@graph\":[{\"@type\":\"WebPage\",\"@id\":\"https:\\\/\\\/ico-clinique.ca\\\/en\\\/arthrite-arthrose-machoire-2\\\/\",\"url\":\"https:\\\/\\\/ico-clinique.ca\\\/en\\\/arthrite-arthrose-machoire-2\\\/\",\"name\":\"Arthrite ou Arthrose de la m\u00e2choire - Clinique dentaire ICO\",\"isPartOf\":{\"@id\":\"https:\\\/\\\/ico-clinique.ca\\\/en\\\/#website\"},\"datePublished\":\"2024-06-24T22:40:51+00:00\",\"dateModified\":\"2024-08-27T13:45:18+00:00\",\"description\":\"Les arthrites de la m\u00e2choire sont assez rares. Par contre les arthroses de la m\u00e2choire sont tr\u00e8s fr\u00e9quentes. On peut soigner avec ...\",\"breadcrumb\":{\"@id\":\"https:\\\/\\\/ico-clinique.ca\\\/en\\\/arthrite-arthrose-machoire-2\\\/#breadcrumb\"},\"inLanguage\":\"en-US\",\"potentialAction\":[{\"@type\":\"ReadAction\",\"target\":[\"https:\\\/\\\/ico-clinique.ca\\\/en\\\/arthrite-arthrose-machoire-2\\\/\"]}]},{\"@type\":\"BreadcrumbList\",\"@id\":\"https:\\\/\\\/ico-clinique.ca\\\/en\\\/arthrite-arthrose-machoire-2\\\/#breadcrumb\",\"itemListElement\":[{\"@type\":\"ListItem\",\"position\":1,\"name\":\"Accueil\",\"item\":\"https:\\\/\\\/ico-clinique.ca\\\/en\\\/\"},{\"@type\":\"ListItem\",\"position\":2,\"name\":\"Osteoarthritis of the jaw\"}]},{\"@type\":\"WebSite\",\"@id\":\"https:\\\/\\\/ico-clinique.ca\\\/en\\\/#website\",\"url\":\"https:\\\/\\\/ico-clinique.ca\\\/en\\\/\",\"name\":\"Clinique des probl\u00e8mes de la m\u00e2choire\",\"description\":\"Notre expertise se situe au niveau des troubles de la m\u00e2choire\",\"publisher\":{\"@id\":\"https:\\\/\\\/ico-clinique.ca\\\/en\\\/#organization\"},\"alternateName\":\"Clinique des troubles de la m\u00e2choire\",\"potentialAction\":[{\"@type\":\"SearchAction\",\"target\":{\"@type\":\"EntryPoint\",\"urlTemplate\":\"https:\\\/\\\/ico-clinique.ca\\\/en\\\/?s={search_term_string}\"},\"query-input\":{\"@type\":\"PropertyValueSpecification\",\"valueRequired\":true,\"valueName\":\"search_term_string\"}}],\"inLanguage\":\"en-US\"},{\"@type\":\"Organization\",\"@id\":\"https:\\\/\\\/ico-clinique.ca\\\/en\\\/#organization\",\"name\":\"Clinique dentaire ICO\",\"alternateName\":\"Clinique de l'institut canadien de l'occlusion\",\"url\":\"https:\\\/\\\/ico-clinique.ca\\\/en\\\/\",\"logo\":{\"@type\":\"ImageObject\",\"inLanguage\":\"en-US\",\"@id\":\"https:\\\/\\\/ico-clinique.ca\\\/en\\\/#\\\/schema\\\/logo\\\/image\\\/\",\"url\":\"https:\\\/\\\/ico-clinique.ca\\\/wp-content\\\/uploads\\\/2024\\\/11\\\/Clinique-ICO_270px_Favicon.png\",\"contentUrl\":\"https:\\\/\\\/ico-clinique.ca\\\/wp-content\\\/uploads\\\/2024\\\/11\\\/Clinique-ICO_270px_Favicon.png\",\"width\":270,\"height\":270,\"caption\":\"Clinique dentaire ICO\"},\"image\":{\"@id\":\"https:\\\/\\\/ico-clinique.ca\\\/en\\\/#\\\/schema\\\/logo\\\/image\\\/\"},\"sameAs\":[\"https:\\\/\\\/www.youtube.com\\\/@icoclinique\",\"https:\\\/\\\/www.instagram.com\\\/cliniqueico\\\/\"]}]}<\/script>\n<!-- \/ Yoast SEO plugin. -->","yoast_head_json":{"title":"Arthrite ou Arthrose de la m\u00e2choire - Clinique dentaire ICO","description":"Les arthrites de la m\u00e2choire sont assez rares. Par contre les arthroses de la m\u00e2choire sont tr\u00e8s fr\u00e9quentes. On peut soigner avec ...","robots":{"index":"index","follow":"follow","max-snippet":"max-snippet:-1","max-image-preview":"max-image-preview:large","max-video-preview":"max-video-preview:-1"},"canonical":"https:\/\/ico-clinique.ca\/en\/arthrite-arthrose-machoire-2\/","og_locale":"en_US","og_type":"article","og_title":"Arthrite ou Arthrose de la m\u00e2choire - Clinique dentaire ICO","og_description":"Les arthrites de la m\u00e2choire sont assez rares. Par contre les arthroses de la m\u00e2choire sont tr\u00e8s fr\u00e9quentes. On peut soigner avec ...","og_url":"https:\/\/ico-clinique.ca\/en\/arthrite-arthrose-machoire-2\/","og_site_name":"Clinique des troubles de la m\u00e2choire","article_modified_time":"2024-08-27T13:45:18+00:00","og_image":[{"width":600,"height":575,"url":"https:\/\/ico-clinique.ca\/wp-content\/uploads\/2024\/06\/dr-alain-aube-expert-troubles-machoire.jpg","type":"image\/jpeg"}],"twitter_card":"summary_large_image","twitter_misc":{"Est. reading time":"3 minutes"},"schema":{"@context":"https:\/\/schema.org","@graph":[{"@type":"WebPage","@id":"https:\/\/ico-clinique.ca\/en\/arthrite-arthrose-machoire-2\/","url":"https:\/\/ico-clinique.ca\/en\/arthrite-arthrose-machoire-2\/","name":"Arthrite ou Arthrose de la m\u00e2choire - Clinique dentaire ICO","isPartOf":{"@id":"https:\/\/ico-clinique.ca\/en\/#website"},"datePublished":"2024-06-24T22:40:51+00:00","dateModified":"2024-08-27T13:45:18+00:00","description":"Les arthrites de la m\u00e2choire sont assez rares. Par contre les arthroses de la m\u00e2choire sont tr\u00e8s fr\u00e9quentes. On peut soigner avec ...","breadcrumb":{"@id":"https:\/\/ico-clinique.ca\/en\/arthrite-arthrose-machoire-2\/#breadcrumb"},"inLanguage":"en-US","potentialAction":[{"@type":"ReadAction","target":["https:\/\/ico-clinique.ca\/en\/arthrite-arthrose-machoire-2\/"]}]},{"@type":"BreadcrumbList","@id":"https:\/\/ico-clinique.ca\/en\/arthrite-arthrose-machoire-2\/#breadcrumb","itemListElement":[{"@type":"ListItem","position":1,"name":"Accueil","item":"https:\/\/ico-clinique.ca\/en\/"},{"@type":"ListItem","position":2,"name":"Osteoarthritis of the jaw"}]},{"@type":"WebSite","@id":"https:\/\/ico-clinique.ca\/en\/#website","url":"https:\/\/ico-clinique.ca\/en\/","name":"Clinique des probl\u00e8mes de la m\u00e2choire","description":"Notre expertise se situe au niveau des troubles de la m\u00e2choire","publisher":{"@id":"https:\/\/ico-clinique.ca\/en\/#organization"},"alternateName":"Clinique des troubles de la m\u00e2choire","potentialAction":[{"@type":"SearchAction","target":{"@type":"EntryPoint","urlTemplate":"https:\/\/ico-clinique.ca\/en\/?s={search_term_string}"},"query-input":{"@type":"PropertyValueSpecification","valueRequired":true,"valueName":"search_term_string"}}],"inLanguage":"en-US"},{"@type":"Organization","@id":"https:\/\/ico-clinique.ca\/en\/#organization","name":"Clinique dentaire ICO","alternateName":"Clinique de l'institut canadien de l'occlusion","url":"https:\/\/ico-clinique.ca\/en\/","logo":{"@type":"ImageObject","inLanguage":"en-US","@id":"https:\/\/ico-clinique.ca\/en\/#\/schema\/logo\/image\/","url":"https:\/\/ico-clinique.ca\/wp-content\/uploads\/2024\/11\/Clinique-ICO_270px_Favicon.png","contentUrl":"https:\/\/ico-clinique.ca\/wp-content\/uploads\/2024\/11\/Clinique-ICO_270px_Favicon.png","width":270,"height":270,"caption":"Clinique dentaire ICO"},"image":{"@id":"https:\/\/ico-clinique.ca\/en\/#\/schema\/logo\/image\/"},"sameAs":["https:\/\/www.youtube.com\/@icoclinique","https:\/\/www.instagram.com\/cliniqueico\/"]}]}},"_links":{"self":[{"href":"https:\/\/ico-clinique.ca\/en\/wp-json\/wp\/v2\/pages\/6068","targetHints":{"allow":["GET"]}}],"collection":[{"href":"https:\/\/ico-clinique.ca\/en\/wp-json\/wp\/v2\/pages"}],"about":[{"href":"https:\/\/ico-clinique.ca\/en\/wp-json\/wp\/v2\/types\/page"}],"author":[{"embeddable":true,"href":"https:\/\/ico-clinique.ca\/en\/wp-json\/wp\/v2\/users\/1"}],"replies":[{"embeddable":true,"href":"https:\/\/ico-clinique.ca\/en\/wp-json\/wp\/v2\/comments?post=6068"}],"version-history":[{"count":37,"href":"https:\/\/ico-clinique.ca\/en\/wp-json\/wp\/v2\/pages\/6068\/revisions"}],"predecessor-version":[{"id":9143,"href":"https:\/\/ico-clinique.ca\/en\/wp-json\/wp\/v2\/pages\/6068\/revisions\/9143"}],"wp:attachment":[{"href":"https:\/\/ico-clinique.ca\/en\/wp-json\/wp\/v2\/media?parent=6068"}],"curies":[{"name":"wp","href":"https:\/\/api.w.org\/{rel}","templated":true}]}}