{"id":5572,"date":"2024-07-10T13:43:30","date_gmt":"2024-07-10T17:43:30","guid":{"rendered":"https:\/\/ico-clinique.ca\/terms-and-conditions\/"},"modified":"2024-08-21T13:39:24","modified_gmt":"2024-08-21T17:39:24","slug":"terms-and-conditions","status":"publish","type":"page","link":"https:\/\/ico-clinique.ca\/en\/terms-and-conditions\/","title":{"rendered":"Terms and conditions"},"content":{"rendered":"<p><div class=\"fusion-fullwidth fullwidth-box fusion-builder-row-1 fusion-flex-container has-pattern-background has-mask-background nonhundred-percent-fullwidth non-hundred-percent-height-scrolling\" style=\"--awb-border-color:var(--awb-color5);--awb-border-radius-top-left:0px;--awb-border-radius-top-right:0px;--awb-border-radius-bottom-right:0px;--awb-border-radius-bottom-left:0px;--awb-padding-top:0px;--awb-margin-top:0px;--awb-flex-wrap:wrap;\" ><div class=\"fusion-builder-row fusion-row fusion-flex-align-items-flex-start fusion-flex-justify-content-center fusion-flex-content-wrap\" style=\"max-width:1248px;margin-left: calc(-4% \/ 2 );margin-right: calc(-4% \/ 2 );\"><div class=\"fusion-layout-column fusion_builder_column fusion-builder-column-0 fusion_builder_column_1_1 1_1 fusion-flex-column fusion-flex-align-self-flex-start\" style=\"--awb-bg-size:cover;--awb-width-large:100%;--awb-margin-top-large:0px;--awb-spacing-right-large:1.92%;--awb-margin-bottom-large:0px;--awb-spacing-left-large:1.92%;--awb-width-medium:100%;--awb-order-medium:0;--awb-spacing-right-medium:1.92%;--awb-spacing-left-medium:1.92%;--awb-width-small:100%;--awb-order-small:0;--awb-spacing-right-small:1.92%;--awb-spacing-left-small:1.92%;\" data-scroll-devices=\"small-visibility,medium-visibility,large-visibility\"><div class=\"fusion-column-wrapper fusion-column-has-shadow fusion-flex-justify-content-flex-start fusion-content-layout-column\"><div class=\"fusion-title title fusion-title-1 sep-underline sep-solid fusion-title-text fusion-title-size-one\" style=\"--awb-text-color:#00549a;--awb-sep-color:var(--awb-color5);\"><h1 class=\"fusion-title-heading title-heading-left\" style=\"margin:0;\">Terms and conditions<\/h1><\/div><div class=\"fusion-text fusion-text-1\" style=\"--awb-margin-top:50px;\"><p>This page was last modified on July 20, 2024, was last verified on July 20, 2024, and applies to citizens and legal permanent residents of Canada.<\/p>\n<\/div><\/div><\/div><\/div><\/div><div class=\"fusion-fullwidth fullwidth-box fusion-builder-row-2 fusion-flex-container has-pattern-background has-mask-background nonhundred-percent-fullwidth non-hundred-percent-height-scrolling\" style=\"--awb-border-radius-top-left:0px;--awb-border-radius-top-right:0px;--awb-border-radius-bottom-right:0px;--awb-border-radius-bottom-left:0px;--awb-flex-wrap:wrap;\" ><div class=\"fusion-builder-row fusion-row fusion-flex-align-items-flex-start fusion-flex-content-wrap\" style=\"max-width:1248px;margin-left: calc(-4% \/ 2 );margin-right: calc(-4% \/ 2 );\"><div class=\"fusion-layout-column fusion_builder_column fusion-builder-column-1 fusion_builder_column_1_1 1_1 fusion-flex-column\" style=\"--awb-bg-size:cover;--awb-width-large:100%;--awb-margin-top-large:0px;--awb-spacing-right-large:1.92%;--awb-margin-bottom-large:20px;--awb-spacing-left-large:1.92%;--awb-width-medium:100%;--awb-order-medium:0;--awb-spacing-right-medium:1.92%;--awb-spacing-left-medium:1.92%;--awb-width-small:100%;--awb-order-small:0;--awb-spacing-right-small:1.92%;--awb-spacing-left-small:1.92%;\"><div class=\"fusion-column-wrapper fusion-column-has-shadow fusion-flex-justify-content-flex-start fusion-content-layout-column\"><div class=\"fusion-text fusion-text-2\" style=\"--awb-margin-top:50px;\"><h2 class=\"text-uppercase text-blue\" data-fontsize=\"34\" data-lineheight=\"47\">Terms and conditions of use<\/h2>\n<p>Welcome to the website of the ICO Clinic (hereinafter referred to as &#8220;the Site&#8221;). Please read these General Terms and Conditions of Use (hereinafter referred to as &#8220;GTCU&#8221;) carefully before using the Site. By accessing the Site, you agree to be bound by these terms and conditions of use. If you do not accept these terms and conditions, please do not use the Site.<\/p>\n<h2 class=\"text-uppercase text-blue\" data-fontsize=\"34\" data-lineheight=\"47\">Use of the Site<\/h2>\n<p>We collect several types of personal information when you interact with us, including when you visit our website, use our services or communicate with us. The types of information we may collect include:<\/p>\n<ul class=\"list theme-colored check font-13 text-black-333 \">\n<li>You are authorized to use the Site for personal, non-commercial purposes. You agree not to use the Site for any purpose that is unlawful or prohibited by applicable laws and regulations.<\/li>\n<li>You agree not to interfere with the proper working of the Site, including by attempting to access secure areas of the Site to which you have not been authorized.<\/li>\n<li>You agree not to use the Site to transmit any content that is defamatory, offensive, obscene, fraudulent or contrary to applicable laws and regulations.<\/li>\n<\/ul>\n<h2 class=\"text-uppercase text-blue\" data-fontsize=\"34\" data-lineheight=\"47\">Intellectual property<\/h2>\n<p>We use the information we collect for the following purposes:<\/p>\n<ul class=\"list theme-colored check font-13 text-black-333 \">\n<li>The Site and all its contents, including text, images, illustrations, designs, icons, photographs, videos, sound clips, graphics, logos and trademarks, are the exclusive property of the ICO clinic and are protected by copyright and other applicable laws of Canada, and other national, foreign and international laws.<\/li>\n<li>You are authorized to view and use the content of the Site solely for your personal, non-commercial use. Any other use, including reproduction, distribution, modification or republication of the content, is strictly prohibited without the prior written consent of the ICO clinic.<\/li>\n<\/ul>\n<h2 class=\"text-uppercase text-blue\" data-fontsize=\"34\" data-lineheight=\"47\">Links to third-party sites<\/h2>\n<p>The Site may contain links to third-party websites. These links are provided for your convenience only. The ICO Clinic has no control over these third-party sites and assumes no responsibility for their content, accuracy or operation. The inclusion of links to third-party sites does not constitute an endorsement of those sites by the ICO clinic.<\/p>\n<h2 class=\"text-uppercase text-blue\" data-fontsize=\"34\" data-lineheight=\"47\">Limitation of liability<\/h2>\n<ul class=\"list theme-colored check font-13 text-black-333 \">\n<li>ICO Clinic strives to provide accurate and up-to-date information on the Site, but cannot guarantee the accuracy, completeness or timeliness of such information. By using the Site, you agree that all information is used at your own risk.<\/li>\n<li>To the fullest extent permitted by law, the ICO Clinic disclaims all liability for direct, indirect, incidental, special, consequential or punitive damages resulting from your use of or inability to use the Site.<\/li>\n<\/ul>\n<h2 class=\"text-uppercase text-blue\" data-fontsize=\"34\" data-lineheight=\"47\">Modification of the general conditions of use CGU<\/h2>\n<p>We do not sell, rent or disclose your personal information to third parties, except in the following cases:<\/p>\n<ul class=\"list theme-colored check font-13 text-black-333 \">\n<li>When necessary to provide our products and services, for example with third-party service providers, such as your dental center or dental laboratories, or with insurance companies for claims or quotes.<\/li>\n<li>When we have your explicit consent to do so.<\/li>\n<li>When we are legally required to do so to meet a legal requirement or to protect our rights, property or safety, or those of others.<\/li>\n<li>In the event of a merger, acquisition, reorganization or sale of assets, to the extent necessary to facilitate such transaction.<\/li>\n<\/ul>\n<h2 class=\"text-uppercase text-blue\" data-fontsize=\"34\" data-lineheight=\"47\">Protecting information<\/h2>\n<p>The ICO Clinic reserves the right to modify these at any time by posting an updated version on the Site. Modifications will take effect as soon as they are published on the Site. We encourage you to check this page regularly for updates.<\/p>\n<h2 class=\"text-uppercase text-blue\" data-fontsize=\"34\" data-lineheight=\"47\">Applicable law<\/h2>\n<p>These terms and conditions are governed by the laws of the province of Quebec and the federal laws of Canada applicable therein. Any dispute arising out of these Terms and Conditions of Use shall be subject to the exclusive jurisdiction of the courts of the Province of Quebec.<\/p>\n<h2 class=\"text-uppercase text-blue\" data-fontsize=\"34\" data-lineheight=\"47\">Data retention<\/h2>\n<p>We will retain your personal information as long as necessary for the purposes for which it was collected, as well as to meet our legal obligations, resolve disputes and enforce our agreements.<\/p>\n<h2 class=\"text-uppercase text-blue\" data-fontsize=\"34\" data-lineheight=\"47\">Contact<\/h2>\n<p>If you have any questions or concerns about our cookie policy, please contact us:.<\/p>\n<p>Write to us by mail:<\/p>\n<p><strong>By post:<\/strong><br \/>\nICO CLinic<br \/>\nDr. Alain Aub\u00e9<br \/>\n205 Cur\u00e9-Labelle Blvd Suite 201<br \/>\nLaval (Ste-Rose), Qc,<br \/>\nH7L 2Z9<\/p>\n<p><strong>By e-mail:<\/strong> info@ico-clinique.ca<br \/>\n<strong>Call us at:<\/strong> 450 433-4111, ext. 1<\/p>\n<\/div><div class=\"fusion-text fusion-text-3\"><p>We will do our best to respond to your concerns in an efficient and satisfactory manner.<\/p>\n<\/div><\/div><\/div><\/div><\/div><div class=\"fusion-fullwidth fullwidth-box fusion-builder-row-3 fusion-flex-container nonhundred-percent-fullwidth non-hundred-percent-height-scrolling\" style=\"--awb-border-radius-top-left:0px;--awb-border-radius-top-right:0px;--awb-border-radius-bottom-right:0px;--awb-border-radius-bottom-left:0px;--awb-flex-wrap:wrap;\" ><div class=\"fusion-builder-row fusion-row fusion-flex-align-items-flex-start fusion-flex-content-wrap\" style=\"max-width:1248px;margin-left: calc(-4% \/ 2 );margin-right: calc(-4% \/ 2 );\"><div class=\"fusion-layout-column fusion_builder_column fusion-builder-column-2 fusion_builder_column_1_1 1_1 fusion-flex-column\" style=\"--awb-bg-size:cover;--awb-width-large:100%;--awb-margin-top-large:0px;--awb-spacing-right-large:1.92%;--awb-margin-bottom-large:0px;--awb-spacing-left-large:1.92%;--awb-width-medium:100%;--awb-spacing-right-medium:1.92%;--awb-spacing-left-medium:1.92%;--awb-width-small:100%;--awb-spacing-right-small:1.92%;--awb-spacing-left-small:1.92%;\"><div class=\"fusion-column-wrapper fusion-flex-justify-content-flex-start fusion-content-layout-column\"><div class=\"fusion-text fusion-text-4\"><\/div><\/div><\/div><\/div><\/div><div class=\"fusion-fullwidth fullwidth-box fusion-builder-row-4 fusion-flex-container nonhundred-percent-fullwidth non-hundred-percent-height-scrolling\" style=\"--awb-border-radius-top-left:0px;--awb-border-radius-top-right:0px;--awb-border-radius-bottom-right:0px;--awb-border-radius-bottom-left:0px;--awb-flex-wrap:wrap;\" ><div class=\"fusion-builder-row fusion-row fusion-flex-align-items-flex-start fusion-flex-content-wrap\" style=\"max-width:1248px;margin-left: calc(-4% \/ 2 );margin-right: calc(-4% \/ 2 );\"><div class=\"fusion-layout-column fusion_builder_column fusion-builder-column-3 fusion_builder_column_1_1 1_1 fusion-flex-column\" style=\"--awb-bg-size:cover;--awb-width-large:100%;--awb-margin-top-large:0px;--awb-spacing-right-large:1.92%;--awb-margin-bottom-large:0px;--awb-spacing-left-large:1.92%;--awb-width-medium:100%;--awb-spacing-right-medium:1.92%;--awb-spacing-left-medium:1.92%;--awb-width-small:100%;--awb-spacing-right-small:1.92%;--awb-spacing-left-small:1.92%;\"><div class=\"fusion-column-wrapper fusion-flex-justify-content-flex-start fusion-content-layout-column\"><div class=\"fusion-text fusion-text-5\"><\/div><\/div><\/div><\/div><\/div><\/p>\n","protected":false},"excerpt":{"rendered":"","protected":false},"author":1,"featured_media":0,"parent":0,"menu_order":0,"comment_status":"closed","ping_status":"open","template":"","meta":{"footnotes":""},"class_list":["post-5572","page","type-page","status-publish","hentry"],"yoast_head":"<!-- This site is optimized with the Yoast SEO plugin v27.4 - https:\/\/yoast.com\/product\/yoast-seo-wordpress\/ -->\n<title>Clinique ICO - Privacy Policy<\/title>\n<meta name=\"description\" content=\"Privacy Policy | We collect and use information to provide our services...\" \/>\n<meta name=\"robots\" content=\"index, follow, max-snippet:-1, max-image-preview:large, max-video-preview:-1\" \/>\n<link rel=\"canonical\" href=\"https:\/\/ico-clinique.ca\/en\/terms-and-conditions\/\" \/>\n<meta property=\"og:locale\" content=\"en_US\" \/>\n<meta property=\"og:type\" content=\"article\" \/>\n<meta property=\"og:title\" content=\"Clinique ICO - Privacy Policy\" \/>\n<meta property=\"og:description\" content=\"Privacy Policy | We collect and use information to provide our services...\" \/>\n<meta property=\"og:url\" content=\"https:\/\/ico-clinique.ca\/en\/terms-and-conditions\/\" \/>\n<meta property=\"og:site_name\" content=\"Clinique des troubles de la m\u00e2choire\" \/>\n<meta property=\"article:modified_time\" content=\"2024-08-21T17:39:24+00:00\" \/>\n<meta property=\"og:image\" content=\"https:\/\/ico-clinique.ca\/wp-content\/uploads\/2024\/06\/dr-alain-aube-expert-troubles-machoire.jpg\" \/>\n\t<meta property=\"og:image:width\" content=\"600\" \/>\n\t<meta property=\"og:image:height\" content=\"575\" \/>\n\t<meta property=\"og:image:type\" content=\"image\/jpeg\" \/>\n<meta name=\"twitter:card\" content=\"summary_large_image\" \/>\n<meta name=\"twitter:label1\" content=\"Est. reading time\" \/>\n\t<meta name=\"twitter:data1\" content=\"4 minutes\" \/>\n<script type=\"application\/ld+json\" class=\"yoast-schema-graph\">{\"@context\":\"https:\\\/\\\/schema.org\",\"@graph\":[{\"@type\":\"WebPage\",\"@id\":\"https:\\\/\\\/ico-clinique.ca\\\/en\\\/terms-and-conditions\\\/\",\"url\":\"https:\\\/\\\/ico-clinique.ca\\\/en\\\/terms-and-conditions\\\/\",\"name\":\"Clinique ICO - Privacy Policy\",\"isPartOf\":{\"@id\":\"https:\\\/\\\/ico-clinique.ca\\\/en\\\/#website\"},\"datePublished\":\"2024-07-10T17:43:30+00:00\",\"dateModified\":\"2024-08-21T17:39:24+00:00\",\"description\":\"Privacy Policy | We collect and use information to provide our services...\",\"breadcrumb\":{\"@id\":\"https:\\\/\\\/ico-clinique.ca\\\/en\\\/terms-and-conditions\\\/#breadcrumb\"},\"inLanguage\":\"en-US\",\"potentialAction\":[{\"@type\":\"ReadAction\",\"target\":[\"https:\\\/\\\/ico-clinique.ca\\\/en\\\/terms-and-conditions\\\/\"]}]},{\"@type\":\"BreadcrumbList\",\"@id\":\"https:\\\/\\\/ico-clinique.ca\\\/en\\\/terms-and-conditions\\\/#breadcrumb\",\"itemListElement\":[{\"@type\":\"ListItem\",\"position\":1,\"name\":\"Accueil\",\"item\":\"https:\\\/\\\/ico-clinique.ca\\\/en\\\/\"},{\"@type\":\"ListItem\",\"position\":2,\"name\":\"Terms and conditions\"}]},{\"@type\":\"WebSite\",\"@id\":\"https:\\\/\\\/ico-clinique.ca\\\/en\\\/#website\",\"url\":\"https:\\\/\\\/ico-clinique.ca\\\/en\\\/\",\"name\":\"Clinique des probl\u00e8mes de la m\u00e2choire\",\"description\":\"Notre expertise se situe au niveau des troubles de la m\u00e2choire\",\"publisher\":{\"@id\":\"https:\\\/\\\/ico-clinique.ca\\\/en\\\/#organization\"},\"alternateName\":\"Clinique des troubles de la m\u00e2choire\",\"potentialAction\":[{\"@type\":\"SearchAction\",\"target\":{\"@type\":\"EntryPoint\",\"urlTemplate\":\"https:\\\/\\\/ico-clinique.ca\\\/en\\\/?s={search_term_string}\"},\"query-input\":{\"@type\":\"PropertyValueSpecification\",\"valueRequired\":true,\"valueName\":\"search_term_string\"}}],\"inLanguage\":\"en-US\"},{\"@type\":\"Organization\",\"@id\":\"https:\\\/\\\/ico-clinique.ca\\\/en\\\/#organization\",\"name\":\"Clinique dentaire ICO\",\"alternateName\":\"Clinique de l'institut canadien de l'occlusion\",\"url\":\"https:\\\/\\\/ico-clinique.ca\\\/en\\\/\",\"logo\":{\"@type\":\"ImageObject\",\"inLanguage\":\"en-US\",\"@id\":\"https:\\\/\\\/ico-clinique.ca\\\/en\\\/#\\\/schema\\\/logo\\\/image\\\/\",\"url\":\"https:\\\/\\\/ico-clinique.ca\\\/wp-content\\\/uploads\\\/2024\\\/11\\\/Clinique-ICO_270px_Favicon.png\",\"contentUrl\":\"https:\\\/\\\/ico-clinique.ca\\\/wp-content\\\/uploads\\\/2024\\\/11\\\/Clinique-ICO_270px_Favicon.png\",\"width\":270,\"height\":270,\"caption\":\"Clinique dentaire ICO\"},\"image\":{\"@id\":\"https:\\\/\\\/ico-clinique.ca\\\/en\\\/#\\\/schema\\\/logo\\\/image\\\/\"},\"sameAs\":[\"https:\\\/\\\/www.youtube.com\\\/@icoclinique\",\"https:\\\/\\\/www.instagram.com\\\/cliniqueico\\\/\"]}]}<\/script>\n<!-- \/ Yoast SEO plugin. -->","yoast_head_json":{"title":"Clinique ICO - Privacy Policy","description":"Privacy Policy | We collect and use information to provide our services...","robots":{"index":"index","follow":"follow","max-snippet":"max-snippet:-1","max-image-preview":"max-image-preview:large","max-video-preview":"max-video-preview:-1"},"canonical":"https:\/\/ico-clinique.ca\/en\/terms-and-conditions\/","og_locale":"en_US","og_type":"article","og_title":"Clinique ICO - Privacy Policy","og_description":"Privacy Policy | We collect and use information to provide our services...","og_url":"https:\/\/ico-clinique.ca\/en\/terms-and-conditions\/","og_site_name":"Clinique des troubles de la m\u00e2choire","article_modified_time":"2024-08-21T17:39:24+00:00","og_image":[{"width":600,"height":575,"url":"https:\/\/ico-clinique.ca\/wp-content\/uploads\/2024\/06\/dr-alain-aube-expert-troubles-machoire.jpg","type":"image\/jpeg"}],"twitter_card":"summary_large_image","twitter_misc":{"Est. reading time":"4 minutes"},"schema":{"@context":"https:\/\/schema.org","@graph":[{"@type":"WebPage","@id":"https:\/\/ico-clinique.ca\/en\/terms-and-conditions\/","url":"https:\/\/ico-clinique.ca\/en\/terms-and-conditions\/","name":"Clinique ICO - Privacy Policy","isPartOf":{"@id":"https:\/\/ico-clinique.ca\/en\/#website"},"datePublished":"2024-07-10T17:43:30+00:00","dateModified":"2024-08-21T17:39:24+00:00","description":"Privacy Policy | We collect and use information to provide our services...","breadcrumb":{"@id":"https:\/\/ico-clinique.ca\/en\/terms-and-conditions\/#breadcrumb"},"inLanguage":"en-US","potentialAction":[{"@type":"ReadAction","target":["https:\/\/ico-clinique.ca\/en\/terms-and-conditions\/"]}]},{"@type":"BreadcrumbList","@id":"https:\/\/ico-clinique.ca\/en\/terms-and-conditions\/#breadcrumb","itemListElement":[{"@type":"ListItem","position":1,"name":"Accueil","item":"https:\/\/ico-clinique.ca\/en\/"},{"@type":"ListItem","position":2,"name":"Terms and conditions"}]},{"@type":"WebSite","@id":"https:\/\/ico-clinique.ca\/en\/#website","url":"https:\/\/ico-clinique.ca\/en\/","name":"Clinique des probl\u00e8mes de la m\u00e2choire","description":"Notre expertise se situe au niveau des troubles de la m\u00e2choire","publisher":{"@id":"https:\/\/ico-clinique.ca\/en\/#organization"},"alternateName":"Clinique des troubles de la m\u00e2choire","potentialAction":[{"@type":"SearchAction","target":{"@type":"EntryPoint","urlTemplate":"https:\/\/ico-clinique.ca\/en\/?s={search_term_string}"},"query-input":{"@type":"PropertyValueSpecification","valueRequired":true,"valueName":"search_term_string"}}],"inLanguage":"en-US"},{"@type":"Organization","@id":"https:\/\/ico-clinique.ca\/en\/#organization","name":"Clinique dentaire ICO","alternateName":"Clinique de l'institut canadien de l'occlusion","url":"https:\/\/ico-clinique.ca\/en\/","logo":{"@type":"ImageObject","inLanguage":"en-US","@id":"https:\/\/ico-clinique.ca\/en\/#\/schema\/logo\/image\/","url":"https:\/\/ico-clinique.ca\/wp-content\/uploads\/2024\/11\/Clinique-ICO_270px_Favicon.png","contentUrl":"https:\/\/ico-clinique.ca\/wp-content\/uploads\/2024\/11\/Clinique-ICO_270px_Favicon.png","width":270,"height":270,"caption":"Clinique dentaire ICO"},"image":{"@id":"https:\/\/ico-clinique.ca\/en\/#\/schema\/logo\/image\/"},"sameAs":["https:\/\/www.youtube.com\/@icoclinique","https:\/\/www.instagram.com\/cliniqueico\/"]}]}},"_links":{"self":[{"href":"https:\/\/ico-clinique.ca\/en\/wp-json\/wp\/v2\/pages\/5572","targetHints":{"allow":["GET"]}}],"collection":[{"href":"https:\/\/ico-clinique.ca\/en\/wp-json\/wp\/v2\/pages"}],"about":[{"href":"https:\/\/ico-clinique.ca\/en\/wp-json\/wp\/v2\/types\/page"}],"author":[{"embeddable":true,"href":"https:\/\/ico-clinique.ca\/en\/wp-json\/wp\/v2\/users\/1"}],"replies":[{"embeddable":true,"href":"https:\/\/ico-clinique.ca\/en\/wp-json\/wp\/v2\/comments?post=5572"}],"version-history":[{"count":22,"href":"https:\/\/ico-clinique.ca\/en\/wp-json\/wp\/v2\/pages\/5572\/revisions"}],"predecessor-version":[{"id":8912,"href":"https:\/\/ico-clinique.ca\/en\/wp-json\/wp\/v2\/pages\/5572\/revisions\/8912"}],"wp:attachment":[{"href":"https:\/\/ico-clinique.ca\/en\/wp-json\/wp\/v2\/media?parent=5572"}],"curies":[{"name":"wp","href":"https:\/\/api.w.org\/{rel}","templated":true}]}}